{"id":9,"date":"2020-11-13T23:22:44","date_gmt":"2020-11-13T23:22:44","guid":{"rendered":"http:\/\/biblia2.ro\/home\/"},"modified":"2025-12-19T09:10:14","modified_gmt":"2025-12-19T09:10:14","slug":"home","status":"publish","type":"page","link":"https:\/\/biblia2.ro\/es\/","title":{"rendered":"Home"},"content":{"rendered":"\n\n\n\n<h1>Biblia\u00b2<\/h1>\n\n\nBiblia la puterea a doua\n\n<p style=\"text-align: center;\"><span style=\"color:#ffffff;\">Cartea aceasta a legii s\u0103 nu se dep\u0103rteze de gura ta; cuget\u0103 asupra ei zi \u0219i noapte, c\u0103ut\u00e2nd s\u0103 faci tot ce este scris \u00een ea, c\u0103ci atunci vei izb\u00e2ndi \u00een toate lucr\u0103rile tale \u0219i atunci vei lucra cu \u00een\u021belepciune.<\/span><br><span style=\"font-size: 0.8rem; color: rgb(255, 255, 255);\">Iosua 1:8<\/span><\/p>\n\n\n\n\n\n\n\n\n\n<p>Cine <font color=\"#feb209\">Suntem<\/font><br><\/p>\n\n<p style=\"text-align: center;\">Biblia la puterea a doua<\/p>\n\n<p [object NamedNodeMap]><strong>Biblia\u00b2<\/strong> este un proiect care are ca scop principal citirea zilnic\u0103 a Bibliei \u0219i care se adreseaz\u0103 tuturor grupelor de v\u00e2rst\u0103, fiind \u00eemp\u0103r\u021bit \u00een trei categorii mari:\u00a0<\/p>\n\n\n\n\n\n\n<p>Lorem Ipsum has been the industry&#8217;s standard dummy text ever since the 1500s.<\/p>\n\n\n\n\n<p>Lorem Ipsum has been the industry&#8217;s standard dummy text ever since the 1500s.<\/p>\n\n\n\n<font color=\"#feb209\">Beneficiile<\/font><span>&nbsp; PROIECTULUI<\/span>\n\n\n<p><strong><span style=\"color: rgb(254, 178, 9); font-size: 20px;\">informare zilnic\u0103<\/span><font color=\"#feb209\">\u00a0<\/font><font color=\"#444\"><br><\/font><\/strong><font color=\"#444\">\u00een fiecare zi liderii posteaz\u0103 pe grup pasajul biblic ce trebuie lecturat<\/font><\/p>\n\n\n<p><strong><font color=\"#feb209\"><span style=\"font-size: 20px;\">disciplin\u0103<\/span>\u00a0<br><\/font><\/strong><span style=\"background-color: transparent;\"><font color=\"#444\">acest proiect ajut\u0103 adultul, adolescentul \u0219i copilul s\u0103 devin\u0103 ordonat cu timpul s\u0103u astfel \u00eenc\u00e2t din cele 24 de ore ale unei zile s\u0103 poat\u0103 pune deoparte un timp pentru citirea Bibliei<\/font><\/span><\/p>\n\n\n<p><strong><font color=\"#feb209\"><span style=\"font-size: 20px;\">cre\u0219tere spiritual\u0103<\/span><br><\/font><\/strong><span style=\"background-color: transparent;\"><font color=\"#444\">lecturarea zilnic\u0103 a Bibliei va aduce aportul de hran\u0103 de care fiecare suflet are a\u0219a mare nevoie<\/font><\/span><\/p>\n\n\n<p><strong><font color=\"#feb209\"><span style=\"font-size: 20px;\">acumularea de cuno\u0219tin\u021be biblice<\/span>\u00a0<br><\/font><\/strong><span style=\"color: #444;\">ajut\u0103 adultul, adolescentul \u0219i copilul s\u0103 str\u00e2ng\u0103 Cuv\u00e2ntul lui Dumnezeu \u00een inim\u0103 pentru a face fa\u021b\u0103 mai u\u0219or ispitelor cu care se confrunt\u0103 zilnic<\/span><\/p>\n\n\n<p><strong><font color=\"#feb209\"><span style=\"font-size: 20px;\">\u00eemplinire sufleteasc\u0103<\/span>\u00a0<br><\/font><\/strong><font color=\"#444\">nicio bucurie nu egaleaz\u0103 bucuria pe care o are un suflet c\u00e2nd termin\u0103 de citit \u00eentreaga Biblie<\/font><\/p>\n\n\n\n\n\n\n\n\n\n\n\u00cencepem o nou\u0103 c\u0103l\u0103torie<span style=\"color: #fff\">&nbsp;5 Ianuarie 2026<\/span>\n\nAccept\u0103 provocarea<span style=\"color: #444\">&nbsp;cite\u0219te biblia<\/span> <span style=\"color: #fff\"> \u00eempreun\u0103 cu noi<\/span>\n\n\n\n\n\n\n\n\n\n\n\n\nScurt<span style=\"color: #FEB209\">&nbsp;Istoric<\/span>\n\n\n\n\n\n<p>Lorem Ipsum has been the industry&#8217;s standard dummy text ever since the 1500s.<\/p>\n\n\n\nAnul<span style=\"color: #FEB209\">&nbsp;2018<\/span>\n\n\n<p>Prima serie de persoane care s-a \u00eenscris \u00een proiect<\/p>\n\n\nAdul\u021bi: <span style=\"color: #FEB209\">200<\/span>\n\n\n\n\n\n\nAnul<span style=\"color: #FEB209\">&nbsp;2019<\/span>\n\n\n<p>A doua serie de cititori pasiona\u021bi\u00a0<\/p>\n\n\nAdul\u021bi: <span style=\"color: #FEB209\">338<\/span>\n\n\nAdolescen\u021bi \/ tineri: <span style=\"color: #FEB209\">132<\/span>\n\n\nCopii: <span style=\"color: #FEB209\">161<\/span>\n\n\n\n<p>Lorem Ipsum has been the industry&#8217;s standard dummy text ever since the 1500s.<\/p>\n\n\n\n\n<p>Lorem Ipsum has been the industry&#8217;s standard dummy text ever since the 1500s.<\/p>\n\n\n\nAnul<span style=\"color: #FEB209\"> 2020<\/span>\n\n\n<p>C\u0103l\u0103toria continu\u0103, \u00eent\u00e2lnind tot mai mul\u021bi oameni pasiona\u021bi de citirea Bibliei<\/p>\n\n\nAdul\u021bi: <font color=\"#feb209\">1045<\/font>\n\n\nAdolescen\u021bi \/ tineri: <span style=\"color: #FEB209\">226<\/span>\n\n\nCopii: <span style=\"color: #FEB209\">1084<\/span>\n\n\n\n\n\n\n\n\n\n\n\n\n\n\n<h3>CITITORI<\/h3>\n\n\n\n\n\n<h3>COORDONATORI PROIECT<\/h3>\n\n\n\n\n\n\n\n\n\n\nUpcoming <span style=\"color: #FEB209\">Events<\/span>\n\n\n<p [object NamedNodeMap]>Excepteur sint occaecat cupidatat non proident, sunt in culpa qui officia deserunt mollit est laborum. Aenaen massa, Cum soolis natoque penatibus et magnis dis parturient montes nascetur ridiculus mus<\/p>\n\n\n\n\n\n<p>Lorem Ipsum has been the industry&#8217;s standard dummy text ever since the 1500s.<\/p>\n\n\n\nPeoples from donation\n\n\n05:00 PM, 25 December, 2021\n\n\n<p [object NamedNodeMap]><span>Excepteur sint occaecat cupidatat non proident, sunt in culpa qui officia deserunt mollit est laborum. Aenaen massa, Cum soolis natoque penatibus et magnis dis parturient montes nascetur ridiculus mus<\/span><\/p>\n\n\nManaging Director\n\n\nJoseph Anderson\n\n\n\n\n\n\n<p>Lorem Ipsum has been the industry&#8217;s standard dummy text ever since the 1500s.<\/p>\n\n\n\nSave the children\n\n\n05:00 PM, 25 December, 2021\n\n\n<p [object NamedNodeMap]><span>Excepteur sint occaecat cupidatat non proident, sunt in culpa qui officia deserunt mollit est laborum. Aenaen massa, Cum soolis natoque penatibus et magnis dis parturient montes nascetur ridiculus mus<\/span><\/p>\n\n\nManaging Director\n\n\nJoseph Anderson\n\n\n\n\n\n\n\n\n\n\n\n<p>BIBLIA\u00b2<\/p>\n\n\n<p [object NamedNodeMap]>Pasiune pentru cuv\u00e2ntul lui dumnezeu<\/p>\n\n\n\n\n<p style =\"color> #444&#8243;>Cine cuget\u0103 la Cuv\u00e2ntul Domnului g\u0103se\u0219te fericirea \u0219i cine se \u00eencrede \u00een Domnul este fericit.<\/p>\n<\/br><span style=\"color: #fff\">Proverbe 16:20<\/span>\n\n\n\n\n\n\u00cencepem o nou\u0103 c\u0103l\u0103torie<span style=\"color: #fff\">&nbsp;5 Ianuarie 2026<\/span>\n\nAccept\u0103 provocarea<span style=\"color: #444\">&nbsp;cite\u0219te biblia<\/span> <span style=\"color: #fff\"> \u00eempreun\u0103 cu noi<\/span>\n\n\n\n\n\n\n\n\n\n\n\n\n\n<p>Lider proiect regionala Suceava<\/p>\n\n\n\n\n\n<p>Baia Mare, MM<\/p>\n\n\n\n\n+40746761410\n\n\n\n\n\n\n<p>Lider proiect regionala Oradea<\/p>\n\n\n\n\n\n<p>Oradea, BH<\/p>\n\n\n\n\n+40745519674\n\n\n\n\n\n\n\n\n","protected":false},"excerpt":{"rendered":"","protected":false},"author":1,"featured_media":0,"parent":0,"menu_order":0,"comment_status":"closed","ping_status":"closed","template":"","meta":{"pagelayer_contact_templates":[],"_pagelayer_content":"","_monsterinsights_skip_tracking":false,"_monsterinsights_sitenote_active":false,"_monsterinsights_sitenote_note":"","_monsterinsights_sitenote_category":0,"footnotes":""},"class_list":["post-9","page","type-page","status-publish","hentry"],"aioseo_notices":[],"_links":{"self":[{"href":"https:\/\/biblia2.ro\/es\/wp-json\/wp\/v2\/pages\/9","targetHints":{"allow":["GET"]}}],"collection":[{"href":"https:\/\/biblia2.ro\/es\/wp-json\/wp\/v2\/pages"}],"about":[{"href":"https:\/\/biblia2.ro\/es\/wp-json\/wp\/v2\/types\/page"}],"author":[{"embeddable":true,"href":"https:\/\/biblia2.ro\/es\/wp-json\/wp\/v2\/users\/1"}],"replies":[{"embeddable":true,"href":"https:\/\/biblia2.ro\/es\/wp-json\/wp\/v2\/comments?post=9"}],"version-history":[{"count":120,"href":"https:\/\/biblia2.ro\/es\/wp-json\/wp\/v2\/pages\/9\/revisions"}],"predecessor-version":[{"id":678,"href":"https:\/\/biblia2.ro\/es\/wp-json\/wp\/v2\/pages\/9\/revisions\/678"}],"wp:attachment":[{"href":"https:\/\/biblia2.ro\/es\/wp-json\/wp\/v2\/media?parent=9"}],"curies":[{"name":"wp","href":"https:\/\/api.w.org\/{rel}","templated":true}]}}