{"id":622,"date":"2025-03-29T22:24:48","date_gmt":"2025-03-29T22:24:48","guid":{"rendered":"https:\/\/biblia2.ro\/?page_id=622"},"modified":"2026-02-11T06:38:00","modified_gmt":"2026-02-11T06:38:00","slug":"uganda-2025","status":"publish","type":"page","link":"https:\/\/biblia2.ro\/es\/uganda-2025\/","title":{"rendered":"Uganda 2025"},"content":{"rendered":"<h2><span style=\"color: rgb(68, 68, 68); font-family: Cabin, sans-serif; font-size: 30px; font-style: normal; font-variant-ligatures: normal; font-variant-caps: normal; font-weight: 700; letter-spacing: 5px; text-align: center; text-transform: uppercase;\"><span style=\"color:#ffffff;\">Instruire<br><span style=\"color:#feb209;\">UGANDA<\/span><\/span>&nbsp;<\/span><\/h2>\n\n\n\n\n\n\n<p>Despre Proiect<\/p>\n\n\n\n\n<p>Lorem Ipsum has been the industry&#8217;s standard dummy text ever since the 1500s.<\/p>\n\n\n<p><font color=\"#1f2732\" face=\"Poppins\"><span style=\"font-size: 15px;\"><strong>Nu-i a\u0219a c\u0103 adesea planul nostru este at\u00e2t de limitat?<\/strong><\/span><\/font><\/p>\n<p><font color=\"#1f2732\" face=\"Poppins\"><span style=\"font-size: 15px;\">Sunt dr. Daniela Meisaros, coordonatorul proiectului Biblia\u00b2, \u0219i vreau s\u0103 \u00eemp\u0103rt\u0103\u0219esc cu voi experien\u021ba mea. Anul trecut, am plecat \u00een Uganda pentru o scurt\u0103 vizit\u0103 misionar\u0103, cu scopul echip\u0103rii transculturale, dar <strong>Dumnezeu avea un plan mult mai m\u0103re\u021b<\/strong> dec\u00e2t cel g\u00e2ndit de noi. Cine s-ar fi a\u0219teptat c\u0103 \u00een 2025 voi pleca din nou \u00een Uganda?<\/span><\/font><\/p>\n<p><font color=\"#1f2732\" face=\"Poppins\"><span style=\"font-size: 15px;\">\u00cen timpul vizitei din Uganda, ceea ce m-a impresionat cel mai mult a fost rapiditatea cu care fiecare loc \u00een care ajungeam, se umplea cu mul\u021bimi de copii. Dac\u0103 la prima vedere, nevoia cea mai acut\u0103 era cea material\u0103, interac\u021bion\u00e2nd cu copiii, dar \u0219i \u00een urma vizitelor la biserici, am observat <strong>o nevoie mult mai important\u0103 &#8211; cea spiritual\u0103<\/strong>. Totodat\u0103, am con\u0219tientizat <strong>lipsa de \u00eenv\u0103\u021b\u0103tori echipa\u021bi<\/strong>, care s\u0103 prezint\u0103 Evanghelia pe \u00een\u021belesul copiilor.<\/span><\/font><\/p>\n<p><font color=\"#1f2732\" face=\"Poppins\"><span style=\"font-size: 15px;\">Aceea\u0219i nevoie de \u00eenv\u0103\u021b\u0103tori preg\u0103ti\u021bi, cu care sa colaboreze, a fost observat\u0103 \u0219i de c\u0103tre misionara din Uganda, Tabita Hreniuc, care a discutat despre viziunea ei de a instrui \u00eenv\u0103\u021b\u0103torii africani cu colega mea de slujire, Amalia B\u0103lan. \u00cen urma acestor discu\u021bii, am primit din partea lor provocarea de a instrui \u00eenv\u0103\u021b\u0103torii africani, invita\u021bie care a confirmat ceea ce Dumnezeu mi-a ar\u0103tat \u00een timpul acelei vizite: <strong>echiparea \u00eenv\u0103\u021b\u0103torilor pentru educarea spiritual\u0103 a copiilor<\/strong> \u0219i formarea \u00een vie\u021bile lor a unor deprinderi s\u0103n\u0103toase \u0219i abilit\u0103\u021bi necesare pentru via\u021ba de zi cu zi.<\/span><\/font><\/p>\n<p><font color=\"#1f2732\" face=\"Poppins\"><span style=\"font-size: 15px;\">Al\u0103turi de colega mea de slujire, dr. Helga-Flavia Toth\u0103zan, am r\u0103spuns cu bucurie chem\u0103rii \u0219i <strong>am adaptat culturii africane cursul pentru \u00eenv\u0103\u021b\u0103torii de \u0219coal\u0103 biblic\u0103, <em>Genera\u021bii pentru cer<\/em><\/strong>, urm\u00e2nd ca timp de dou\u0103 s\u0103pt\u0103m\u00e2ni s\u0103 fim \u00eentr-o tab\u0103r\u0103 de echipare a \u00eenv\u0103\u021b\u0103torilor. Pentru o slujire eficient\u0103, am format o echip\u0103 de instruire cu misionara Tabita Hreniuc \u0219i instructorii Amalia B\u0103lan \u0219i Vinicius R\u0103ducanu, lideri \u00een cadrul proiectului Biblia\u00b2.<\/span><\/font><\/p>\n\n\n\n\n\n\n\n\n\n\n\n\n\n\n<p>Tab\u0103r\u0103 instruire \u00eenv\u0103\u021b\u0103tori<\/p>\n\n\n\n\n\u00cen prima s\u0103pt\u0103m\u00e2n\u0103, \u00eenv\u0103\u021b\u0103torii africani de \u0219coal\u0103 duminical\u0103 vor fi preg\u0103ti\u021bi at\u00e2t la nivel teoretic, c\u00e2t \u0219i practic. <br>\u00cen cea de-a doua s\u0103pt\u0103m\u00e2n\u0103, cursul va continua cu vizite la bisericile cursan\u021bilor, unde ace\u0219tia vor fi sus\u021binu\u021bi \u00een implementarea unui program de \u0219coal\u0103 biblic\u0103 pentru copii.\n\n\n\n\n\n\nInstruirea a <strong>35<\/strong> de <strong>\u00eenv\u0103\u021b\u0103tori africani<\/strong> din 10 biserici, din diferite zone ale Ugandei\n\n\n<span style=\"line-height:2.0;\"><strong>&#8211; Formarea \u00eenv\u0103\u021b\u0103torilor<\/strong> pentru lucrarea cu copiii;<br><strong>&#8211; Echiparea spiritual\u0103 \u0219i pedagogic\u0103 a \u00eenv\u0103\u021b\u0103torilor<\/strong>: organizarea \u0219colii biblice pentru copii, preg\u0103tirea \u0219i predarea activit\u0103\u021bilor (lec\u021bie biblic\u0103, verset, c\u00e2ntare, rug\u0103ciune, recapitulare etc);<br>\n<strong>&#8211; Oferirea unui kit de baz\u0103<\/strong> pentru implementarea \u0219colii biblice pentru copii \u00een biserica local\u0103.<\/span>\n\n<span style=\"font-size: 17.3333px;\">Prin formarea \u0219i echiparea \u00eenv\u0103\u021b\u0103torilor, ne dorim ca un num\u0103r c\u00e2t mai mare de copii s\u0103 aud\u0103 Cuv\u00e2ntul lui Dumnezeu explicat la nivelul lor de \u00een\u021belegere, iar comunit\u0103\u021bile locale s\u0103 se bucure de impactul slujirii acestor \u00eenv\u0103\u021b\u0103tori.&nbsp;&nbsp;<\/span>\n<span style=\"line-height: 2;\"><strong>Sus\u021binerea lucr\u0103rii<\/strong> (traineri \u0219i cursan\u021bi) prin rug\u0103ciune \u0219i post; <br><strong>\nAjutor financiar<\/strong>: costul pentru instruirea unui \u00eenv\u0103\u021b\u0103tor este de&nbsp;<strong>200 euro<\/strong>, sum\u0103 care include: m\u00e2ncarea, cazarea, transportul, kitul cu materiale pentru biserica local\u0103, manualele \u0219i materialele necesare pe perioada instruirii.<\/span>\n\n<span style=\"line-height:2.0;\">&#8211; Protec\u021bie fizic\u0103, spiritual\u0103 si emo\u021bional\u0103 a \u00eentregii echipe \u0219i a cursan\u021bilor;<br>\n&#8211; Resurse financiare pentru organizarea lucr\u0103rii.<\/span>\n\n\n\n\n\n\n\n\n\n\n\n\n\n<h2><span style=\"font-size: 30.3333px;\">Fii parte \u0219i tu din schimbare!<\/span><\/h2>\n\n\n\n\n\n<span style=\"color: #FEB209\">Doneaz\u0103<\/span>\n\n\n<p><strong style=\"font-size: large;\">TRANSFER BANCAR<\/strong><br><span><strong style=\"color: rgb(255, 153, 0);\"><\/strong><\/span><span style=\"line-height: 2;\"><span><strong style=\"color: rgb(254, 178, 9);\">Asocia\u021bia Cre\u0219tin\u0103 Biblia la Puterea a Doua<\/strong><\/span><br><span>Cont bancar deschis la <strong><em>Banca Comercial\u0103 Rom\u00e2n\u0103<\/em><\/strong><\/span><br><span><strong>RON:<\/strong> RO70RNCB0003175060090001<\/span><br><span><strong>EUR:<\/strong> RO43RNCB0003175060090002<\/span><br><span>BCR &#8211; SWIFT CODE: <strong>RNCBROBU<\/strong><\/span><\/span><br><\/p>\n\n\n\n<p>Lorem Ipsum has been the industry&#8217;s standard dummy text ever since the 1500s.<\/p>\n\n\n\n\n\n\n\n\n\n\n\n\n<h2>Proiect realizat \u00een colaborare cu<\/h2>\n\n\n\n\n\n\n\n\n\n<p>Galer\u00eda\u00a0<\/p>","protected":false},"excerpt":{"rendered":"","protected":false},"author":1,"featured_media":0,"parent":0,"menu_order":0,"comment_status":"closed","ping_status":"closed","template":"","meta":{"pagelayer_contact_templates":[],"_pagelayer_content":"","_monsterinsights_skip_tracking":false,"_monsterinsights_sitenote_active":false,"_monsterinsights_sitenote_note":"","_monsterinsights_sitenote_category":0,"footnotes":""},"class_list":["post-622","page","type-page","status-publish","hentry"],"aioseo_notices":[],"_links":{"self":[{"href":"https:\/\/biblia2.ro\/es\/wp-json\/wp\/v2\/pages\/622","targetHints":{"allow":["GET"]}}],"collection":[{"href":"https:\/\/biblia2.ro\/es\/wp-json\/wp\/v2\/pages"}],"about":[{"href":"https:\/\/biblia2.ro\/es\/wp-json\/wp\/v2\/types\/page"}],"author":[{"embeddable":true,"href":"https:\/\/biblia2.ro\/es\/wp-json\/wp\/v2\/users\/1"}],"replies":[{"embeddable":true,"href":"https:\/\/biblia2.ro\/es\/wp-json\/wp\/v2\/comments?post=622"}],"version-history":[{"count":22,"href":"https:\/\/biblia2.ro\/es\/wp-json\/wp\/v2\/pages\/622\/revisions"}],"predecessor-version":[{"id":719,"href":"https:\/\/biblia2.ro\/es\/wp-json\/wp\/v2\/pages\/622\/revisions\/719"}],"wp:attachment":[{"href":"https:\/\/biblia2.ro\/es\/wp-json\/wp\/v2\/media?parent=622"}],"curies":[{"name":"wp","href":"https:\/\/api.w.org\/{rel}","templated":true}]}}