{"id":522,"date":"2024-01-05T22:50:26","date_gmt":"2024-01-05T22:50:26","guid":{"rendered":"http:\/\/biblia2.ro\/?page_id=522"},"modified":"2026-01-08T14:43:47","modified_gmt":"2026-01-08T14:43:47","slug":"copii","status":"publish","type":"page","link":"https:\/\/biblia2.ro\/es\/prezentare-categorii\/copii\/","title":{"rendered":"Categoria Copii"},"content":{"rendered":"Biblia\u00b2\n<p>Categoria Copii<\/p>\n\n\n\n\n\n\n\n\n\n\n\n\n\n\n\n\n\n\n\n\n\n\n\n\n\n\n\n\n\n<p style=\"text-align: right; \"><span style=\"font-size: 20px; color: rgb(255, 255, 255);\"><strong style=\"line-height: 1;\">LOREM CORPORATE CEO<\/strong><\/span><\/p><p style=\"text-align: center;\"><span style=\"color: rgb(255, 255, 255);\">Duis aute irure dolor in reprehenderit in voluptate velit esse cillum dolore eu fugiat nulla pariatur. Excepteur sint occaecat cupidatat non proident, sunt in culpa qui officia deserunt mollit anim id est laborum.<\/span><\/p><p style=\"text-align: left;\"><sign>\u00a0 \u00a0 \u00a0 <span style=\"line-height: 2.0;\">Benn Marshall<\/span><\/sign><\/p>\n\nedad:14-18 a\u00f1os&nbsp;\n\n\n<p>pre\u0219colari: 3 &#8211; 6 ani<\/p>\n\n\n<p>\u0219colari: 7 &#8211; 14 ani<\/p>\n\n\ngrup pe whatsapp cu \u00eenv\u0103\u021b\u0103torii de \u0218coal\u0103 Duminical\u0103 sau p\u0103rin\u021bii care implementeaz\u0103 proiectul \u00een biseric\u0103 sau familie\n\n\npasajul biblic: liderii posteaz\u0103 zilnic pasajul biblic propus spre citire\n\n\ntimp necesar: aproximativ 30 \u2013 40 minute \/ zi\n\n\nluni-vineri: se lectureaz\u0103 pasajul zilnic\n\n\ns\u00e2mb\u0103t\u0103 \u0219i duminic\u0103: zile de medita\u021bie \u0219i recuperare\n\n\nfi\u0219\u0103 de lucru: liderii trimit lunar fi\u0219ele de lucru care con\u021bin c\u00e2te un exerci\u021biu zilnic, menit s\u0103 focalizeze aten\u021bia copilului asupra pasajului citit\n\n\n\nObiectiv\n<p>Lectura de la Biblia cada dos a\u00f1os<\/p>\n\nRegulament\n\nNumai liderii posteaz\u0103 pe grup\n\n\nTrimestrial se verific\u0103 \u201epulsul grupului\u201d. Cum? Se trimite un chestionar pe care participantul \u00eel completeaz\u0103. Astfel, se stabile\u0219te dac\u0103 este nevoie de zile suplimentare pentru recuperare.\n\n\nPost\u0103rile se trimit zilnic \u00een intervalul orar 8 \u2013 21\n\n\nLunar \u00eenv\u0103\u021b\u0103torul \/ p\u0103rintele prime\u0219te grila de corectare pentru fi\u0219ele de lucru. La fiecare 100 de puncte ob\u021binute, copilul prime\u0219te un bonus, iar la 12 bonusuri acumulate, copilul va primi o mic\u0103 amintire. Proiectul se finalizeaz\u0103 cu o \u00eent\u00e2lnire zonal\u0103, \u00een care copiilor li se ofer\u0103 o diplom\u0103 personalizat\u0103 \u0219i o mic\u0103 aten\u021bie\n\n\n\n\n\n\n<h2><span style=\"color: rgb(254, 178, 9); font-family: Cabin, sans-serif; font-size: 22px; font-style: normal; font-variant-ligatures: normal; font-variant-caps: normal; font-weight: 500; text-transform: uppercase;\">DESC\u0102RCARE RESURSE<\/span><br><\/h2>\n\n\n\n\nFi\u0219e Pre\u0219colari\nFi\u0219e Pre\u0219colari\n\n\n\n\n\n\nFi\u0219e \u0218colari &#8211; 2024\nFi\u0219e \u0218colari &#8211; 2024","protected":false},"excerpt":{"rendered":"","protected":false},"author":1,"featured_media":0,"parent":149,"menu_order":0,"comment_status":"closed","ping_status":"closed","template":"","meta":{"pagelayer_contact_templates":[],"_pagelayer_content":"","_monsterinsights_skip_tracking":false,"_monsterinsights_sitenote_active":false,"_monsterinsights_sitenote_note":"","_monsterinsights_sitenote_category":0,"footnotes":""},"class_list":["post-522","page","type-page","status-publish","hentry"],"aioseo_notices":[],"_links":{"self":[{"href":"https:\/\/biblia2.ro\/es\/wp-json\/wp\/v2\/pages\/522","targetHints":{"allow":["GET"]}}],"collection":[{"href":"https:\/\/biblia2.ro\/es\/wp-json\/wp\/v2\/pages"}],"about":[{"href":"https:\/\/biblia2.ro\/es\/wp-json\/wp\/v2\/types\/page"}],"author":[{"embeddable":true,"href":"https:\/\/biblia2.ro\/es\/wp-json\/wp\/v2\/users\/1"}],"replies":[{"embeddable":true,"href":"https:\/\/biblia2.ro\/es\/wp-json\/wp\/v2\/comments?post=522"}],"version-history":[{"count":15,"href":"https:\/\/biblia2.ro\/es\/wp-json\/wp\/v2\/pages\/522\/revisions"}],"predecessor-version":[{"id":684,"href":"https:\/\/biblia2.ro\/es\/wp-json\/wp\/v2\/pages\/522\/revisions\/684"}],"up":[{"embeddable":true,"href":"https:\/\/biblia2.ro\/es\/wp-json\/wp\/v2\/pages\/149"}],"wp:attachment":[{"href":"https:\/\/biblia2.ro\/es\/wp-json\/wp\/v2\/media?parent=522"}],"curies":[{"name":"wp","href":"https:\/\/api.w.org\/{rel}","templated":true}]}}