{"id":515,"date":"2024-01-05T22:18:52","date_gmt":"2024-01-05T22:18:52","guid":{"rendered":"http:\/\/biblia2.ro\/?page_id=515"},"modified":"2026-01-08T14:43:20","modified_gmt":"2026-01-08T14:43:20","slug":"adolescenti","status":"publish","type":"page","link":"https:\/\/biblia2.ro\/es\/prezentare-categorii\/adolescenti\/","title":{"rendered":"Categoria Adolescen\u021bi"},"content":{"rendered":"Biblia\u00b2\n<p>Categoria Adolescen\u021bi \/ Tineri<\/p>\n\n\n\n\n\n\n\n\n\n\n\n\n\n\n\n\n\n\n\n\n\n\n\n\n\n\n\n\n\n<p style=\"text-align: right; \"><span style=\"font-size: 20px; color: rgb(255, 255, 255);\"><strong style=\"line-height: 1;\">LOREM CORPORATE CEO<\/strong><\/span><\/p><p style=\"text-align: center;\"><span style=\"color: rgb(255, 255, 255);\">Duis aute irure dolor in reprehenderit in voluptate velit esse cillum dolore eu fugiat nulla pariatur. Excepteur sint occaecat cupidatat non proident, sunt in culpa qui officia deserunt mollit anim id est laborum.<\/span><\/p><p style=\"text-align: left;\"><sign>\u00a0 \u00a0 \u00a0 <span style=\"line-height: 2.0;\">Benn Marshall<\/span><\/sign><\/p>\n\ncategorie de v\u00e2rst\u0103: 14 &#8211; 18 ani\n\n\ngrup pe whatsapp\n\n\npasajul biblic: liderii posteaz\u0103 zilnic pasajul biblic propus spre citire\n\n\ntimp necesar: aproximativ 30 \u2013 40 minute \/ zi\n\n\nluni-vineri: se lectureaz\u0103 pasajul zilnic\n\n\ns\u00e2mb\u0103t\u0103 \u0219i duminic\u0103: zile de medita\u021bie \u0219i recuperare\n\n\n\nObiectiv\n<p>El objetivo es hacer una lectura b\u00edblica completa al a\u00f1o con los adultos y con los ni\u00f1os en 2 a\u00f1os<\/p>\n<p><strong>En el primer a\u00f1o<\/strong>, el adolescente \/ joven lee la Biblia, comenzando con el Nuevo Testamento y terminando con el Antiguo Testamento y completa hojas de trabajo para ayudarlo a retener informaci\u00f3n y \/ o aplicar la Palabra en su vida personal.&nbsp;<\/p>\n<p style=\"text-align: left;\"><strong>En el segundo a\u00f1o<\/strong>, el adolescente \/ joven lee la Biblia de acuerdo con la misma planificaci\u00f3n y se sentir\u00e1 motivado a diario para anotar en un diario al menos una idea a trav\u00e9s de la cual Dios le habl\u00f3.<\/p>\n\nRegulament\n\nNumai liderii posteaz\u0103 pe grup\n\n\nTrimestrial se verific\u0103 \u201epulsul grupului\u201d. Cum? Se trimite un chestionar pe care participantul \u00eel completeaz\u0103. Astfel, se stabile\u0219te dac\u0103 este nevoie de zile suplimentare pentru recuperare.\n\n\nPost\u0103rile se trimit zilnic \u00een intervalul orar 8 \u2013 21\n\n\nFi\u0219ele de lucru se posteaz\u0103 lunar, iar s\u0103pt\u0103m\u00e2nal grila de corectare. Adolescentul \/ t\u00e2n\u0103rul se corecteaz\u0103 singur. Pentru orice gre\u0219eal\u0103 identificat\u0103 este recomandat s\u0103 consulte Biblia \u0219i s\u0103 noteze forma de r\u0103spuns corect\u0103. La finalul fiec\u0103rei luni, participantul trimite punctajul ob\u021binut liderului stabilit pentru zona lui. La fiecare 100 de puncte acumulate, participantul prime\u0219te un bonus. La 12 bonusuri, adolescentul \/ t\u00e2n\u0103rul prime\u0219te o mic\u0103 amintire\n\n\n\n\n\n\n<h2><span style=\"color: rgb(254, 178, 9); font-family: Cabin, sans-serif; font-size: 22px; font-style: normal; font-variant-ligatures: normal; font-variant-caps: normal; font-weight: 500; text-transform: uppercase;\">DESC\u0102RCARE RESURSE<\/span><\/h2>\nFi\u0219e adolescen\u021bi\/tineri\nFi\u0219e adolescen\u021bi\/tineri","protected":false},"excerpt":{"rendered":"","protected":false},"author":1,"featured_media":0,"parent":149,"menu_order":0,"comment_status":"closed","ping_status":"closed","template":"","meta":{"pagelayer_contact_templates":[],"_pagelayer_content":"","_monsterinsights_skip_tracking":false,"_monsterinsights_sitenote_active":false,"_monsterinsights_sitenote_note":"","_monsterinsights_sitenote_category":0,"footnotes":""},"class_list":["post-515","page","type-page","status-publish","hentry"],"aioseo_notices":[],"_links":{"self":[{"href":"https:\/\/biblia2.ro\/es\/wp-json\/wp\/v2\/pages\/515","targetHints":{"allow":["GET"]}}],"collection":[{"href":"https:\/\/biblia2.ro\/es\/wp-json\/wp\/v2\/pages"}],"about":[{"href":"https:\/\/biblia2.ro\/es\/wp-json\/wp\/v2\/types\/page"}],"author":[{"embeddable":true,"href":"https:\/\/biblia2.ro\/es\/wp-json\/wp\/v2\/users\/1"}],"replies":[{"embeddable":true,"href":"https:\/\/biblia2.ro\/es\/wp-json\/wp\/v2\/comments?post=515"}],"version-history":[{"count":13,"href":"https:\/\/biblia2.ro\/es\/wp-json\/wp\/v2\/pages\/515\/revisions"}],"predecessor-version":[{"id":683,"href":"https:\/\/biblia2.ro\/es\/wp-json\/wp\/v2\/pages\/515\/revisions\/683"}],"up":[{"embeddable":true,"href":"https:\/\/biblia2.ro\/es\/wp-json\/wp\/v2\/pages\/149"}],"wp:attachment":[{"href":"https:\/\/biblia2.ro\/es\/wp-json\/wp\/v2\/media?parent=515"}],"curies":[{"name":"wp","href":"https:\/\/api.w.org\/{rel}","templated":true}]}}