{"id":502,"date":"2024-01-05T22:18:25","date_gmt":"2024-01-05T22:18:25","guid":{"rendered":"http:\/\/biblia2.ro\/?page_id=502"},"modified":"2024-01-08T00:43:09","modified_gmt":"2024-01-08T00:43:09","slug":"adulti","status":"publish","type":"page","link":"https:\/\/biblia2.ro\/es\/prezentare-categorii\/adulti\/","title":{"rendered":"Categoria Adul\u021bi"},"content":{"rendered":"Biblia\u00b2\n<p>Categoria Adul\u021bi<\/p>\n\n\n\n\n\n\n\n\n\n\n\n\n\n\n\n\n\n\n\n\n\n\n\n\n\n\n\n\n\n<p style=\"text-align: right; \"><span style=\"font-size: 20px; color: rgb(255, 255, 255);\"><strong style=\"line-height: 1;\">LOREM CORPORATE CEO<\/strong><\/span><\/p><p style=\"text-align: center;\"><span style=\"color: rgb(255, 255, 255);\">Duis aute irure dolor in reprehenderit in voluptate velit esse cillum dolore eu fugiat nulla pariatur. Excepteur sint occaecat cupidatat non proident, sunt in culpa qui officia deserunt mollit anim id est laborum.<\/span><\/p><p style=\"text-align: left;\"><sign>\u00a0 \u00a0 \u00a0 <span style=\"line-height: 2.0;\">Benn Marshall<\/span><\/sign><\/p>\n\ncategorie de v\u00e2rst\u0103: 18 ani &#8211; nelimitat\n\n\ngrup pe whatsapp\n\n\npasajul biblic: liderii posteaz\u0103 zilnic pasajul biblic propus spre citire\n\n\ntimp necesar: aproximativ 30 \u2013 40 minute \/ zi\n\n\nluni-vineri: se lectureaz\u0103 pasajul zilnic, \u00een cazul citirii de dou\u0103 ori \u00eentr-un an se vor citi c\u00e2te 10 pagini \/ zi\n\n\ns\u00e2mb\u0103t\u0103 \u0219i duminic\u0103: zile de medita\u021bie \u0219i recuperare\n\n\n\nObiectiv\n<p>Leer la Biblia una o dos veces al a\u00f1o<\/p>\n\nRegulament\n\nNumai liderii posteaz\u0103 pe grup\n\n\nTrimestrial se verific\u0103 \u201epulsul grupului\u201d. Cum? Se trimite un chestionar pe care participantul \u00eel completeaz\u0103. Astfel, se stabile\u0219te dac\u0103 este nevoie de zile suplimentare pentru recuperare.\n\n\nPost\u0103rile se trimit zilnic \u00een intervalul orar 8 \u2013 21\n\n\n\n\n\n\n\n\n\n\n<h2><span style=\"color: rgb(254, 178, 9); font-family: Cabin, sans-serif; font-size: 22px; font-style: normal; font-variant-ligatures: normal; font-variant-caps: normal; font-weight: 500; text-transform: uppercase;\">DEC\u0102RCARE RESURSE<\/span><br><\/h2>\n\n\n\n\n<p style=\"text-align: center;\"><span style=\"color: rgb(68, 68, 68); font-family: Cabin, sans-serif; font-size: 16px; font-style: normal; font-variant-ligatures: normal; font-variant-caps: normal; font-weight: 400;\">disponibil \u00een cur\u00e2nd<\/span><\/p>\n\n\n\n\n\n\n<p style=\"text-align: center;\"><span style=\"color: rgb(68, 68, 68); font-family: Cabin, sans-serif; font-size: 16px; font-style: normal; font-variant-ligatures: normal; font-variant-caps: normal; font-weight: 400;\">disponibil \u00een cur\u00e2nd<\/span><\/p>\n\n\n\n\n\n\n<p style=\"text-align: center;\"><span style=\"color: rgb(68, 68, 68); font-family: Cabin, sans-serif; font-size: 16px; font-style: normal; font-variant-ligatures: normal; font-variant-caps: normal; font-weight: 400;\">disponibil \u00een cur\u00e2nd<\/span><\/p>\n\n\n\n\n\n\n<p style=\"text-align: center;\"><span style=\"color: rgb(68, 68, 68); font-family: Cabin, sans-serif; font-size: 16px; font-style: normal; font-variant-ligatures: normal; font-variant-caps: normal; font-weight: 400;\">disponibil \u00een cur\u00e2nd<\/span><\/p>","protected":false},"excerpt":{"rendered":"","protected":false},"author":1,"featured_media":0,"parent":149,"menu_order":0,"comment_status":"closed","ping_status":"closed","template":"","meta":{"pagelayer_contact_templates":[],"_pagelayer_content":"","_monsterinsights_skip_tracking":false,"_monsterinsights_sitenote_active":false,"_monsterinsights_sitenote_note":"","_monsterinsights_sitenote_category":0,"footnotes":""},"class_list":["post-502","page","type-page","status-publish","hentry"],"aioseo_notices":[],"_links":{"self":[{"href":"https:\/\/biblia2.ro\/es\/wp-json\/wp\/v2\/pages\/502","targetHints":{"allow":["GET"]}}],"collection":[{"href":"https:\/\/biblia2.ro\/es\/wp-json\/wp\/v2\/pages"}],"about":[{"href":"https:\/\/biblia2.ro\/es\/wp-json\/wp\/v2\/types\/page"}],"author":[{"embeddable":true,"href":"https:\/\/biblia2.ro\/es\/wp-json\/wp\/v2\/users\/1"}],"replies":[{"embeddable":true,"href":"https:\/\/biblia2.ro\/es\/wp-json\/wp\/v2\/comments?post=502"}],"version-history":[{"count":18,"href":"https:\/\/biblia2.ro\/es\/wp-json\/wp\/v2\/pages\/502\/revisions"}],"predecessor-version":[{"id":564,"href":"https:\/\/biblia2.ro\/es\/wp-json\/wp\/v2\/pages\/502\/revisions\/564"}],"up":[{"embeddable":true,"href":"https:\/\/biblia2.ro\/es\/wp-json\/wp\/v2\/pages\/149"}],"wp:attachment":[{"href":"https:\/\/biblia2.ro\/es\/wp-json\/wp\/v2\/media?parent=502"}],"curies":[{"name":"wp","href":"https:\/\/api.w.org\/{rel}","templated":true}]}}