{"id":473,"date":"2023-04-28T03:49:17","date_gmt":"2023-04-28T03:49:17","guid":{"rendered":"http:\/\/biblia2.ro\/?page_id=473"},"modified":"2025-03-15T06:04:51","modified_gmt":"2025-03-15T06:04:51","slug":"formular-230","status":"publish","type":"page","link":"https:\/\/biblia2.ro\/es\/formular-230\/","title":{"rendered":"Formular 230"},"content":{"rendered":"<h2>Fii al\u0103turi de echipa Biblia\u00b2!<\/h2>\n\n\n\n\n\n<p style=\"text-align: justify;\"><font color=\"#f2f2f2\"><\/font><\/p><p style=\"text-align: justify;\"><font color=\"#f2f2f2\" style=\"font-size: medium;\">1.&nbsp;<\/font><font color=\"#f2f2f2\">Redirec\u021bioneaz\u0103 3.5% din impozitul pe venit c\u0103tre \u201dAsocia\u021bia Cre\u0219tin\u0103 Biblia la Puterea a Doua\u201d. \u00cen fiecare an legisla\u021bia fiscal\u0103 ofer\u0103 gratuit oric\u0103rui contribuabil rom\u00e2n op\u021biunea s\u0103 redirec\u0163ioneze c\u0103tre o entitate de cult\/non-profit o parte din impozitul pl\u0103tit la bugetul de stat \u00een anul precedent. Mai multe detalii \u00een imagine.<\/font><\/p><p style=\"font-size: medium; text-align: justify;\"><br><\/p><p style=\"font-size: medium; text-align: justify;\"><font color=\"#f2f2f2\">2. \u00ce\u021bi r\u0103spl\u0103tim sus\u021binerea: <em>8 formulare valide = 1 jurnal de studiu biblic gratuit!<\/em>&nbsp;<\/font><\/p><p style=\"font-size: medium; text-align: justify;\"><font color=\"#f2f2f2\">a. Adun\u0103 8 formulare valide. Formularul este valid numai dac\u0103 persoana a avut venituri impozabile \u00een anul 2024 \u0219i nu a completat deja formularul 230 pentru o alt\u0103 entitate de cult\/non-profit.<\/font><\/p><p style=\"text-align: justify;\"><font color=\"#f2f2f2\" style=\"font-size: medium;\">b.&nbsp;<\/font><font color=\"#f2f2f2\" size=\"3\">Contacteaz\u0103-ne prin e-mail sau WhatsApp ca s\u0103 ne dai numele persoanelor care au completat formularul la recomandarea ta.<\/font><\/p><p style=\"text-align: justify;\"><font color=\"#f2f2f2\" style=\"font-size: medium;\">c.&nbsp;<\/font><font color=\"#f2f2f2\" size=\"3\">Scrie-ne adresa de coresponden\u021b\u0103 pentru a primi jurnalul cadou.&nbsp;<\/font><\/p><p style=\"text-align: justify;\"><br><\/p><p style=\"text-align: justify;\"><font color=\"#f2f2f2\" style=\"font-size: medium;\">3.&nbsp;<\/font><font color=\"#f2f2f2\" size=\"3\">Pentru completarea formularului, po\u021bi accesa linkul de aici: <a href=\"https:\/\/bit.ly\/bibliaputerea2\"><u>https:\/\/bit.ly\/bibliaputerea2<\/u><\/a><a href=\"https:\/\/bit.ly\/bibliaputerea2\"><\/a>&nbsp;<\/font><\/p><p style=\"font-size: medium; text-align: justify;\"><font color=\"#f2f2f2\"><br><\/font><\/p><p style=\"text-align: justify;\"><font color=\"#f2f2f2\" size=\"3\">Completarea formularului nu implic\u0103 niciun cost pentru tine, dar gestul t\u0103u va \u00eensemna foarte mult pentru noi. \u00ce\u021bi mul\u021bumim frumos pentru sus\u021binere!<\/font><\/p><p style=\"text-align: justify;\"><strong><br><\/strong><\/p><p style=\"font-size: medium; text-align: justify;\"><font color=\"#f2f2f2\"><strong style=\"color: rgb(255, 255, 255);\">Cu respect \u0219i pre\u021buire,<\/strong><\/font><\/p><p style=\"font-size: medium; text-align: justify;\"><font color=\"#f2f2f2\">Daniela Meisaros \u0219i echipa Biblia\u00b2<\/font><\/p><p style=\"text-align: justify;\"><font color=\"#f2f2f2\"><\/font><\/p>","protected":false},"excerpt":{"rendered":"","protected":false},"author":1,"featured_media":0,"parent":0,"menu_order":0,"comment_status":"closed","ping_status":"closed","template":"","meta":{"pagelayer_contact_templates":[],"_pagelayer_content":"","_monsterinsights_skip_tracking":false,"_monsterinsights_sitenote_active":false,"_monsterinsights_sitenote_note":"","_monsterinsights_sitenote_category":0,"footnotes":""},"class_list":["post-473","page","type-page","status-publish","hentry"],"aioseo_notices":[],"_links":{"self":[{"href":"https:\/\/biblia2.ro\/es\/wp-json\/wp\/v2\/pages\/473","targetHints":{"allow":["GET"]}}],"collection":[{"href":"https:\/\/biblia2.ro\/es\/wp-json\/wp\/v2\/pages"}],"about":[{"href":"https:\/\/biblia2.ro\/es\/wp-json\/wp\/v2\/types\/page"}],"author":[{"embeddable":true,"href":"https:\/\/biblia2.ro\/es\/wp-json\/wp\/v2\/users\/1"}],"replies":[{"embeddable":true,"href":"https:\/\/biblia2.ro\/es\/wp-json\/wp\/v2\/comments?post=473"}],"version-history":[{"count":24,"href":"https:\/\/biblia2.ro\/es\/wp-json\/wp\/v2\/pages\/473\/revisions"}],"predecessor-version":[{"id":590,"href":"https:\/\/biblia2.ro\/es\/wp-json\/wp\/v2\/pages\/473\/revisions\/590"}],"wp:attachment":[{"href":"https:\/\/biblia2.ro\/es\/wp-json\/wp\/v2\/media?parent=473"}],"curies":[{"name":"wp","href":"https:\/\/api.w.org\/{rel}","templated":true}]}}