{"id":10,"date":"2020-11-13T23:22:44","date_gmt":"2020-11-13T23:22:44","guid":{"rendered":"http:\/\/biblia2.ro\/about\/"},"modified":"2024-01-06T18:23:02","modified_gmt":"2024-01-06T18:23:02","slug":"about","status":"publish","type":"page","link":"https:\/\/biblia2.ro\/es\/about\/","title":{"rendered":"About"},"content":{"rendered":"<h2 style=\"text-transform: uppercase; color: #fff;\">Despre noi &#8211;&nbsp;<span style=\"color:#feb209\">Biblia\u00b2<\/span><\/h2>\n\n\n\n\n\n\n\n\n<p style=\"text-align: center; font-size: 16px;\"><span style=\"font-size: 18px;\">Daniela Meisaros<\/span><span style=\"font-size: 18px;\"><\/span><\/p><p style=\"text-align: center; font-size: 14px;\">Coordonator proiect Biblia\u00b2<\/p>\n\n\n<p>&nbsp; &nbsp; &nbsp; Era o zi de martie a anului 2018, zi normal\u0103, c\u00e2nd urmam cursurile de teologie a Institutului Teologic Penticostal din Bucure\u0219ti. Ap\u0103sarea, \u00eengrijorarea \u0219i nelini\u0219tea m\u0103 m\u0103cinau \u00een interior din plin, de\u0219i nu l\u0103sam s\u0103 se \u00eentrez\u0103reasc\u0103 nici m\u0103car o umbr\u0103 de triste\u021be la suprafa\u021b\u0103. Iar pentru cei din jur, care nu m\u0103 cuno\u0219teau prea bine, eram Daniela, colega\/studenta cu z\u00e2mbetul pe buze \u0219i fa\u021ba senin\u0103.<br>&nbsp; &nbsp; &nbsp; Lini\u0219tea mi-a fost spulberat\u0103 c\u00e2nd un coleg mi-a pus o \u00eentrebare fulger: &#8222;Daniela, de c\u00e2te ori cite\u0219ti Biblia \u00eentr-un an?&#8221; Parc\u0103 un zid imens a \u00eenceput s\u0103 se clatine. Nu \u0219tiam ce s\u0103 r\u0103spund. Da, eram acolo s\u0103 studiez Biblia. Era adev\u0103rat&#8230;citisem Biblia de nenum\u0103rate ori, dar \u00eencerc\u0103rile mari care au venit \u00een acel an au condus la renun\u021barea la timpul meu special de citire a Bibliei. Citeam doar strict ce aveam nevoie pentru \u0219coal\u0103. Eram lipsit\u0103 de puterea de a m\u0103 ridica din starea de ap\u0103sare \u0219i s\u0103 \u00eemi reiau disciplina. A\u0219a se face c\u0103 \u00eentrebarea a venit la momentul cel mai nepotrivit, dar totu\u0219i la timpul potrivit. Ce puteam s\u0103 r\u0103spund? C\u0103 nu pot citi Biblia? Tu ce ai fi spus \u00een locul meu? A\u0219a se face c\u0103 am r\u0103spuns printr-o \u00eentrebare: &#8222;Tu de c\u00e2te ori o cite\u0219ti \u00eentr-un an?&#8221; R\u0103spunsul a venit prompt: de dou\u0103 ori. Un amestec de sentimente de remu\u0219care, am\u0103r\u0103ciune, durere, triste\u021be m-au cuprins instantaneu. Poate ai sim\u021bit \u0219i tu acest mix de sentimente \u0219i \u00een\u021belegi exact starea mea. Concomitent, parc\u0103 a \u00eenceput s\u0103 se \u00eentrez\u0103reasc\u0103 o raz\u0103 de speran\u021b\u0103 \u0219i am prins curaj de a-l \u00eentreba cum reu\u0219e\u0219te s\u0103 ating\u0103 performan\u021ba de a citi Biblia de dou\u0103 ori \u00eentr-un an.&nbsp;&nbsp;&nbsp;<br><\/p>\n\n\n<p>&nbsp; &nbsp; &nbsp; &nbsp;Am pus imediat \u00een practic\u0103 \u0219i zi dup\u0103 zi sim\u021beam cum sufletul meu se \u00eenviora, triste\u021bea disp\u0103rea, disciplina spiritual\u0103 re\u00eenvia \u0219i am prins noi puteri \u0219i un curaj uimitor de a spune \u0219i altora despre experien\u021ba mea. A\u0219a se face c\u0103 dup\u0103 prima mea m\u0103rturie mi s-au al\u0103turat c\u00e2teva zeci de persoane. Dac\u0103 p\u00e2n\u0103 atunci am crezut c\u0103 numai eu tr\u0103isem o astfel de experien\u021b\u0103 dureroas\u0103, atunci am \u00een\u021beles c\u0103 sunt mul\u021bi care se afl\u0103 \u00een situa\u021bia mea, mul\u021bi care nu au citit niciodat\u0103 Biblia \u0219i care \u0219i-ar dori un ajutor. Am creat primul grup pe Whatsapp cu cei ce se trecuser\u0103 pe lista mea. Problema era numele. Ce nume s\u0103 dau acestui grup? \u00cemi amintesc cu drag c\u0103 m-am plecat pe genunchi \u0219i m-am rugat. La scurt timp am tres\u0103rit de bucurie. Da, Biblia mi-a dat o dubl\u0103 putere a\u0219a c\u0103 am denumit grupul <strong>La Biblia al cuadrado<\/strong>, prescurtat <strong>Biblia\u00b2<\/strong>. Grupul a crescut de la o zi la alta \u0219i am ajuns la aproximativ 200 de adul\u021bi.&nbsp;<\/p>\n<p>&nbsp; &nbsp; &nbsp; &nbsp;Anul 2018 a fost un an binecuv\u00e2ntat. Pentru prima dat\u0103 am citit Biblia de dou\u0103 ori \u00eentr-un an. Dac\u0103 la finalul lui 2018 coordonam singur\u0103 grupul de citire a Bibliei, care acum se transformase \u00eentr-un proiect \u0219i dac\u0103 eram pe punctul de a abandona ce \u00eencepusem pentru c\u0103 era peste puterile mele, Dumnezeu care \u0219tie totul, a intervenit. El a \u0219tiut c\u0103 sunt sute \u0219i chiar mii de persoane care au nevoie de aceast\u0103 mobilizare \u0219i a pus pe inima prietenelor mele Amalia \u0219i Helga s\u0103 m\u0103 contacteze \u0219i s\u0103 \u00ee\u0219i ofere sprijinul. A\u0219a se face c\u0103 am prins av\u00e2nt. La cererea p\u0103rin\u021bilor care citeau \u00eempreun\u0103 cu noi, am deschis \u00eenc\u0103 dou\u0103 categorii, respectiv pentru adolescen\u021bi \u0219i pentru copiii \u0219colari. Imediat ce am lansat categoria pentru copii, am primit cereri s\u0103 preg\u0103tim fi\u0219e de lucru \u0219i pentru pre\u0219colari pentru c\u0103 \u0219i ei citesc Biblia \u00eempreun\u0103 cu noi.&nbsp;<br><\/p>\n<p>&nbsp; &nbsp; &nbsp; &nbsp; A\u0219a se face c\u0103 anul 2019 a venit cu noi provoc\u0103ri. Proiectul se dezvoltase foarte mult, echipa de coordonare cre\u0219tea, departamentele prindeau contur \u0219i tot mai multe persoane \u00ee\u0219i ofereau ajutorul. F\u0103r\u0103 to\u021bi ace\u0219ti oameni minuna\u021bi, proiectul nu ar fi ajuns unde este acum. \u00cen prezent suntem un furnicar de <b>35 de persoane, o echip\u0103 unit\u0103<\/b>, care lucreaz\u0103 voluntar \u0219i cu drag ca tot mai mul\u021bi \u0219i mai mul\u021bi adul\u021bi, tineri, adolescen\u021bi \u0219i copii s\u0103 \u00ee\u0219i ating\u0103 obiectivul: citirea integral\u0103 a Bibliei.<br><\/p>\n<p>&nbsp; &nbsp; &nbsp; &nbsp;Poate e\u0219ti \u0219i tu \u00eentr-o perioad\u0103 grea cum am fost \u0219i eu \u0219i nu ai energia necesar\u0103 pentru a citi Biblia. Sau poate \u021bi-ai propus de nenum\u0103rate ori s\u0103 cite\u0219ti Biblia \u0219i nu ai reu\u0219it. Sau poate nu crezi c\u0103 Biblia este o carte valoroas\u0103. Nu \u0219tiu \u00een care situa\u021bie te afli. \u0218tiu un lucru. <br><\/p>\n<p style=\"text-align: center; \"><em><strong><span style=\"font-size: 14px;\"><\/span><span style=\"font-size: 18px;\">\u0218i tu po\u021bi citi Biblia. F\u0103 un pas. \u00censcrie-te \u00een proiect. Suntem al\u0103turi de tine. Dac\u0103 eu am putut, po\u021bi \u0219i tu!<\/span><\/strong><\/em><br><\/p>\n\n\n\n\n<p style=\"text-align: center; \"><span style=\"color: rgb(216, 216, 216);\">\u00een cur\u00e2nd&#8230;<\/span><\/p>\n\n\n<p style=\"text-align: center; \"><span style=\"color: rgb(216, 216, 216);\">\u00een cur\u00e2nd&#8230;<\/span><\/p>\n\n\n\n\n\n\nEchipa <span style=\"color:#feb209\">BIBLIA\u00b2<\/span>\n<p style=\"text-align: center;font-size: 13px\"><span style=\"font-family: Cabin, sans-serif; font-size: 13px; font-style: normal; font-variant-ligatures: normal; font-variant-caps: normal; font-weight: 400;\">Suntem aici pentru a te ajuta. Dac\u0103 ai nevoie de informa\u021bii suplimentare sau de sprijin \u00een implementarea proiectului \u00een comunitatea ta (biseric\u0103, \u0219coal\u0103, liceu, gr\u0103dini\u021b\u0103, etc.), te rug\u0103m s\u0103 ne contactezi. \u00cen echip\u0103 totul este mai u\u0219or!<\/span><br><\/p>\n\n\n\n\n\n\n<p style=\"text-align: center; font-size: 14px;\">Coordonator Biblia\u00b2<\/p>\n\n\n\n<p style=\"text-align: center; \"><span style=\"font-size: 14px;\">Coordonator adjunct&nbsp;Biblia\u00b2<\/span><span style=\"background-color: transparent;\"><\/span><\/p>\n\n\n\n<p style=\"text-align: center; \"><span style=\"background-color: transparent;\"><span style=\"font-size: 14px;\">Coordonator tehnic Biblia\u00b2<\/span><span style=\"font-size: 14px;\"><\/span><\/span><\/p>\n\n\n\n<p style=\"text-align: center; \">Coordonator Biblia\u00b2 &#8211; Categoria adul\u021bi<\/p>\n\n\n\n\n\n<p style=\"text-align: center; \">Coordonator Biblia\u00b2 &#8211; Categoria adolescen\u021bi<\/p>\n\n\n\n<p style=\"text-align: center;\">Coordonator Biblia\u00b2 &#8211; Categoria copii<\/p>\n<p style=\"text-align: center;\">Coordonator Biblia\u00b2 &#8211; Categoria adul\u021bi<\/p>\n\n\n\n<p style=\"text-align: center;\">Coordonator Biblia\u00b2 &#8211; Categoria copii<\/p>\n<p style=\"text-align: center;\">Coordonator Biblia\u00b2 &#8211; Categoria adul\u021bi<\/p>\n\n\n\n<p style=\"text-align: center;\">Coordonator Biblia\u00b2 &#8211; Categoria copii<\/p>\n\n\n\n\n\n<h4>Echipa de Lideri<\/h4>","protected":false},"excerpt":{"rendered":"","protected":false},"author":0,"featured_media":0,"parent":0,"menu_order":0,"comment_status":"closed","ping_status":"closed","template":"","meta":{"pagelayer_contact_templates":[],"_pagelayer_content":"","_monsterinsights_skip_tracking":false,"_monsterinsights_sitenote_active":false,"_monsterinsights_sitenote_note":"","_monsterinsights_sitenote_category":0,"footnotes":""},"class_list":["post-10","page","type-page","status-publish","hentry"],"aioseo_notices":[],"_links":{"self":[{"href":"https:\/\/biblia2.ro\/es\/wp-json\/wp\/v2\/pages\/10","targetHints":{"allow":["GET"]}}],"collection":[{"href":"https:\/\/biblia2.ro\/es\/wp-json\/wp\/v2\/pages"}],"about":[{"href":"https:\/\/biblia2.ro\/es\/wp-json\/wp\/v2\/types\/page"}],"replies":[{"embeddable":true,"href":"https:\/\/biblia2.ro\/es\/wp-json\/wp\/v2\/comments?post=10"}],"version-history":[{"count":20,"href":"https:\/\/biblia2.ro\/es\/wp-json\/wp\/v2\/pages\/10\/revisions"}],"predecessor-version":[{"id":544,"href":"https:\/\/biblia2.ro\/es\/wp-json\/wp\/v2\/pages\/10\/revisions\/544"}],"wp:attachment":[{"href":"https:\/\/biblia2.ro\/es\/wp-json\/wp\/v2\/media?parent=10"}],"curies":[{"name":"wp","href":"https:\/\/api.w.org\/{rel}","templated":true}]}}